{"id":3523,"date":"2021-11-03T11:10:58","date_gmt":"2021-11-03T17:10:58","guid":{"rendered":"https:\/\/pangeatacticalandoutdoors.com\/?post_type=product&#038;p=3523"},"modified":"2023-01-13T16:53:23","modified_gmt":"2023-01-13T22:53:23","slug":"5-11-flag-bearer-cap-modelo-89406","status":"publish","type":"product","link":"https:\/\/pangeatacticalandoutdoors.com\/index.php\/producto\/5-11-flag-bearer-cap-modelo-89406\/","title":{"rendered":"5.11-FLAG BEARER CAP 89406"},"content":{"rendered":"<p><em>La gorra portadora de bandera de 5.11 Tactical\u00ae ofrece una alternativa elegante y c\u00f3moda a los sombreros de todos los d\u00edas, con un parche de hook and loop en el panel frontal para una f\u00e1cil personalizaci\u00f3n.<\/em><\/p>\n<h6>CARACTER\u00cdSTICAS:<\/h6>\n<ul>\n<li>Ajuste de corona suave de 6 paneles<\/li>\n<li>Borde de curva alta<\/li>\n<li>Logotipos 5.11\u00ae en el parche delantero central, en la parte superior de la corona y en la costura central<\/li>\n<li>Lienzo 100% de algod\u00f3n<\/li>\n<li>Ojales bordados en la corona para ventilaci\u00f3n<\/li>\n<li>8 filas de costuras superiores en el pico<\/li>\n<li>Confecci\u00f3n de, banda para sudar con inserto de espuma para mayor comodidad<\/li>\n<li>Talla \u00fanica<\/li>\n<\/ul>\n","protected":false},"excerpt":{"rendered":"<p>La gorra portadora de bandera de 5.11 Tactical\u00ae ofrece una alternativa elegante y c\u00f3moda a los sombreros de todos los d\u00edas, con un parche de hook and loop en el panel frontal para una f\u00e1cil personalizaci\u00f3n. CARACTER\u00cdSTICAS: Ajuste de corona suave de 6 paneles Borde de curva alta Logotipos 5.11\u00ae en el parche delantero central, &hellip;<\/p>\n<p class=\"read-more\"> <a class=\"\" href=\"https:\/\/pangeatacticalandoutdoors.com\/index.php\/producto\/5-11-flag-bearer-cap-modelo-89406\/\"> <span class=\"screen-reader-text\">5.11-FLAG BEARER CAP 89406<\/span> Leer m\u00e1s &raquo;<\/a><\/p>\n","protected":false},"featured_media":3532,"comment_status":"open","ping_status":"closed","template":"","meta":{"site-sidebar-layout":"default","site-content-layout":"default","ast-global-header-display":"","ast-main-header-display":"","ast-hfb-above-header-display":"","ast-hfb-below-header-display":"","ast-hfb-mobile-header-display":"","site-post-title":"","ast-breadcrumbs-content":"","ast-featured-img":"","footer-sml-layout":"","theme-transparent-header-meta":"default","adv-header-id-meta":"","stick-header-meta":"","header-above-stick-meta":"","header-main-stick-meta":"","header-below-stick-meta":""},"product_cat":[90,134],"product_tag":[],"class_list":["post-3523","product","type-product","status-publish","has-post-thumbnail","hentry","product_cat-accesorios","product_cat-gorras"],"jetpack_sharing_enabled":true,"_links":{"self":[{"href":"https:\/\/pangeatacticalandoutdoors.com\/index.php\/wp-json\/wp\/v2\/product\/3523","targetHints":{"allow":["GET"]}}],"collection":[{"href":"https:\/\/pangeatacticalandoutdoors.com\/index.php\/wp-json\/wp\/v2\/product"}],"about":[{"href":"https:\/\/pangeatacticalandoutdoors.com\/index.php\/wp-json\/wp\/v2\/types\/product"}],"replies":[{"embeddable":true,"href":"https:\/\/pangeatacticalandoutdoors.com\/index.php\/wp-json\/wp\/v2\/comments?post=3523"}],"wp:featuredmedia":[{"embeddable":true,"href":"https:\/\/pangeatacticalandoutdoors.com\/index.php\/wp-json\/wp\/v2\/media\/3532"}],"wp:attachment":[{"href":"https:\/\/pangeatacticalandoutdoors.com\/index.php\/wp-json\/wp\/v2\/media?parent=3523"}],"wp:term":[{"taxonomy":"product_cat","embeddable":true,"href":"https:\/\/pangeatacticalandoutdoors.com\/index.php\/wp-json\/wp\/v2\/product_cat?post=3523"},{"taxonomy":"product_tag","embeddable":true,"href":"https:\/\/pangeatacticalandoutdoors.com\/index.php\/wp-json\/wp\/v2\/product_tag?post=3523"}],"curies":[{"name":"wp","href":"https:\/\/api.w.org\/{rel}","templated":true}]}}