{"id":3500,"date":"2021-11-01T12:04:58","date_gmt":"2021-11-01T18:04:58","guid":{"rendered":"https:\/\/pangeatacticalandoutdoors.com\/?post_type=product&#038;p=3500"},"modified":"2023-11-30T18:11:59","modified_gmt":"2023-12-01T00:11:59","slug":"5-11-rapid-excursion-pack-23l-modelo-56182","status":"publish","type":"product","link":"https:\/\/pangeatacticalandoutdoors.com\/index.php\/producto\/5-11-rapid-excursion-pack-23l-modelo-56182\/","title":{"rendered":"5.11 RAPID EXCURSION PACK 23L MODELO 56182"},"content":{"rendered":"<p><em>Dise\u00f1ado para actuar como una mochila liviana o un bolso de viaje de segunda etapa, el Rapid Excursion Pack se adhiere a bolsas 5.11 Tactical\u00ae m\u00e1s grandes, como las mochilas de la serie RUSH o la bolsa de lona con ruedas de la serie CAMS \u2122.<\/em><\/p>\n<h6>CARACTER\u00cdSTICAS:<\/h6>\n<ul>\n<li>Mochila ligera r\u00e1pida y f\u00e1cil \/ bolsa de mano para la segunda etapa<\/li>\n<li>Se adhiere a bolsas 5.11\u00ae m\u00e1s grandes como RUSH y CAMS \u2122<\/li>\n<li>Top con cincha con una sola mano<\/li>\n<li>Nailon duradero resistente a la intemperie<\/li>\n<li>Correas de hombro acolchadas de malla aeroespacial<\/li>\n<li>El dise\u00f1o exclusivo de Centerline \u2122 de 5.11<\/li>\n<li>Importado<\/li>\n<\/ul>\n<h6>DIMENSIONES:<\/h6>\n<ul>\n<li>Compartimiento principal &#8211; 20 &#8220;H x 14&#8221; L x 5 &#8220;D<\/li>\n<li>Capacidad &#8211; 23 litros \/ 1400 pulgadas c\u00fabicas<\/li>\n<li>Peso &#8211; 0.5 lbs<\/li>\n<\/ul>\n","protected":false},"excerpt":{"rendered":"<p>Dise\u00f1ado para actuar como una mochila liviana o un bolso de viaje de segunda etapa, el Rapid Excursion Pack se adhiere a bolsas 5.11 Tactical\u00ae m\u00e1s grandes, como las mochilas de la serie RUSH o la bolsa de lona con ruedas de la serie CAMS \u2122. CARACTER\u00cdSTICAS: Mochila ligera r\u00e1pida y f\u00e1cil \/ bolsa de &hellip;<\/p>\n<p class=\"read-more\"> <a class=\"\" href=\"https:\/\/pangeatacticalandoutdoors.com\/index.php\/producto\/5-11-rapid-excursion-pack-23l-modelo-56182\/\"> <span class=\"screen-reader-text\">5.11 RAPID EXCURSION PACK 23L MODELO 56182<\/span> Leer m\u00e1s &raquo;<\/a><\/p>\n","protected":false},"featured_media":3503,"comment_status":"open","ping_status":"closed","template":"","meta":{"site-sidebar-layout":"default","site-content-layout":"default","ast-global-header-display":"","ast-main-header-display":"","ast-hfb-above-header-display":"","ast-hfb-below-header-display":"","ast-hfb-mobile-header-display":"","site-post-title":"","ast-breadcrumbs-content":"","ast-featured-img":"","footer-sml-layout":"","theme-transparent-header-meta":"default","adv-header-id-meta":"","stick-header-meta":"","header-above-stick-meta":"","header-main-stick-meta":"","header-below-stick-meta":""},"product_cat":[90,145],"product_tag":[],"class_list":["post-3500","product","type-product","status-publish","has-post-thumbnail","hentry","product_cat-accesorios","product_cat-mochilas"],"jetpack_sharing_enabled":true,"_links":{"self":[{"href":"https:\/\/pangeatacticalandoutdoors.com\/index.php\/wp-json\/wp\/v2\/product\/3500","targetHints":{"allow":["GET"]}}],"collection":[{"href":"https:\/\/pangeatacticalandoutdoors.com\/index.php\/wp-json\/wp\/v2\/product"}],"about":[{"href":"https:\/\/pangeatacticalandoutdoors.com\/index.php\/wp-json\/wp\/v2\/types\/product"}],"replies":[{"embeddable":true,"href":"https:\/\/pangeatacticalandoutdoors.com\/index.php\/wp-json\/wp\/v2\/comments?post=3500"}],"wp:featuredmedia":[{"embeddable":true,"href":"https:\/\/pangeatacticalandoutdoors.com\/index.php\/wp-json\/wp\/v2\/media\/3503"}],"wp:attachment":[{"href":"https:\/\/pangeatacticalandoutdoors.com\/index.php\/wp-json\/wp\/v2\/media?parent=3500"}],"wp:term":[{"taxonomy":"product_cat","embeddable":true,"href":"https:\/\/pangeatacticalandoutdoors.com\/index.php\/wp-json\/wp\/v2\/product_cat?post=3500"},{"taxonomy":"product_tag","embeddable":true,"href":"https:\/\/pangeatacticalandoutdoors.com\/index.php\/wp-json\/wp\/v2\/product_tag?post=3500"}],"curies":[{"name":"wp","href":"https:\/\/api.w.org\/{rel}","templated":true}]}}