{"id":3486,"date":"2021-11-01T11:51:28","date_gmt":"2021-11-01T17:51:28","guid":{"rendered":"https:\/\/pangeatacticalandoutdoors.com\/?post_type=product&#038;p=3486"},"modified":"2021-11-11T12:47:51","modified_gmt":"2021-11-11T18:47:51","slug":"5-11-hard-times-2-glove-modelo-59379","status":"publish","type":"product","link":"https:\/\/pangeatacticalandoutdoors.com\/index.php\/producto\/5-11-hard-times-2-glove-modelo-59379\/","title":{"rendered":"5.11 HARD TIMES 2  GLOVE  MODELO 59379"},"content":{"rendered":"<p><em>El guante Hard Times 2 ofrece a los operadores una protecci\u00f3n de nudillos s\u00f3lida y fiable. Y la palma de cuero con pantalla t\u00e1ctil significa que nunca te sentir\u00e1s desconectado. Incluso en los entornos de misi\u00f3n m\u00e1s duros, este guante hace un esfuerzo adicional para mantener sus manos seguras y receptivas.<\/em><\/p>\n<h6>CARACTER\u00cdSTICAS:<\/h6>\n<ul>\n<li>Nudillo duro moldeado de dos piezas para una protecci\u00f3n ergon\u00f3mica contra impactos<\/li>\n<li>Palma de piel de cabra con pantalla t\u00e1ctil<\/li>\n<li>Top transpirable el\u00e1stico en 4 direcciones<\/li>\n<li>Cierre de mu\u00f1eca ajustable con velcro<\/li>\n<li>Anillos cortados en los dedos \u00edndice y medio<\/li>\n<li>Panel de limpieza para el sudor en el pulgar<\/li>\n<li>Costura del pu\u00f1o reforzado \/ leng\u00fceta para tirar<\/li>\n<li>Cumple con TAA<\/li>\n<li>EN388: 2016-3 0 1 1 XP<\/li>\n<li>Importado<\/li>\n<\/ul>\n","protected":false},"excerpt":{"rendered":"<p>El guante Hard Times 2 ofrece a los operadores una protecci\u00f3n de nudillos s\u00f3lida y fiable. Y la palma de cuero con pantalla t\u00e1ctil significa que nunca te sentir\u00e1s desconectado. Incluso en los entornos de misi\u00f3n m\u00e1s duros, este guante hace un esfuerzo adicional para mantener sus manos seguras y receptivas. CARACTER\u00cdSTICAS: Nudillo duro moldeado &hellip;<\/p>\n<p class=\"read-more\"> <a class=\"\" href=\"https:\/\/pangeatacticalandoutdoors.com\/index.php\/producto\/5-11-hard-times-2-glove-modelo-59379\/\"> <span class=\"screen-reader-text\">5.11 HARD TIMES 2  GLOVE  MODELO 59379<\/span> Leer m\u00e1s &raquo;<\/a><\/p>\n","protected":false},"featured_media":3488,"comment_status":"open","ping_status":"closed","template":"","meta":{"site-sidebar-layout":"default","site-content-layout":"default","ast-global-header-display":"","ast-main-header-display":"","ast-hfb-above-header-display":"","ast-hfb-below-header-display":"","ast-hfb-mobile-header-display":"","site-post-title":"","ast-breadcrumbs-content":"","ast-featured-img":"","footer-sml-layout":"","theme-transparent-header-meta":"default","adv-header-id-meta":"","stick-header-meta":"","header-above-stick-meta":"","header-main-stick-meta":"","header-below-stick-meta":""},"product_cat":[90,143],"product_tag":[],"class_list":["post-3486","product","type-product","status-publish","has-post-thumbnail","hentry","product_cat-accesorios","product_cat-guantes"],"jetpack_sharing_enabled":true,"_links":{"self":[{"href":"https:\/\/pangeatacticalandoutdoors.com\/index.php\/wp-json\/wp\/v2\/product\/3486","targetHints":{"allow":["GET"]}}],"collection":[{"href":"https:\/\/pangeatacticalandoutdoors.com\/index.php\/wp-json\/wp\/v2\/product"}],"about":[{"href":"https:\/\/pangeatacticalandoutdoors.com\/index.php\/wp-json\/wp\/v2\/types\/product"}],"replies":[{"embeddable":true,"href":"https:\/\/pangeatacticalandoutdoors.com\/index.php\/wp-json\/wp\/v2\/comments?post=3486"}],"wp:featuredmedia":[{"embeddable":true,"href":"https:\/\/pangeatacticalandoutdoors.com\/index.php\/wp-json\/wp\/v2\/media\/3488"}],"wp:attachment":[{"href":"https:\/\/pangeatacticalandoutdoors.com\/index.php\/wp-json\/wp\/v2\/media?parent=3486"}],"wp:term":[{"taxonomy":"product_cat","embeddable":true,"href":"https:\/\/pangeatacticalandoutdoors.com\/index.php\/wp-json\/wp\/v2\/product_cat?post=3486"},{"taxonomy":"product_tag","embeddable":true,"href":"https:\/\/pangeatacticalandoutdoors.com\/index.php\/wp-json\/wp\/v2\/product_tag?post=3486"}],"curies":[{"name":"wp","href":"https:\/\/api.w.org\/{rel}","templated":true}]}}