{"id":3481,"date":"2021-11-01T11:46:14","date_gmt":"2021-11-01T17:46:14","guid":{"rendered":"https:\/\/pangeatacticalandoutdoors.com\/?post_type=product&#038;p=3481"},"modified":"2023-09-19T17:27:13","modified_gmt":"2023-09-19T22:27:13","slug":"5-11-utility-clip-multitool-modelo-56379","status":"publish","type":"product","link":"https:\/\/pangeatacticalandoutdoors.com\/index.php\/producto\/5-11-utility-clip-multitool-modelo-56379\/","title":{"rendered":"5.11 UTILITY CLIP MULTITOOL  MODELO 56379"},"content":{"rendered":"<p><em>Tan ligero y compacto que no creer\u00e1 lo que puede hacer la multiherramienta con clip para billetes. Mantendr\u00e1 fijo su dinero y ser\u00e1 de gran ayuda, \u00fatil y compacta.<\/em><\/p>\n<h6>CARACTER\u00cdSTICAS:<\/h6>\n<ul>\n<li>Destornillador de cabeza plana<\/li>\n<li>Pelacables<\/li>\n<li>Abrebotellas<\/li>\n<li>Llave para tornillos de varios tama\u00f1os<\/li>\n<li>Regla m\u00e9trica e imperial<\/li>\n<li>Acero para muelles de 1,2 mm<\/li>\n<li>Capacidad de grabado l\u00e1ser personalizado<\/li>\n<\/ul>\n","protected":false},"excerpt":{"rendered":"<p>Tan ligero y compacto que no creer\u00e1 lo que puede hacer la multiherramienta con clip para billetes. Mantendr\u00e1 fijo su dinero y ser\u00e1 de gran ayuda, \u00fatil y compacta. CARACTER\u00cdSTICAS: Destornillador de cabeza plana Pelacables Abrebotellas Llave para tornillos de varios tama\u00f1os Regla m\u00e9trica e imperial Acero para muelles de 1,2 mm Capacidad de grabado &hellip;<\/p>\n<p class=\"read-more\"> <a class=\"\" href=\"https:\/\/pangeatacticalandoutdoors.com\/index.php\/producto\/5-11-utility-clip-multitool-modelo-56379\/\"> <span class=\"screen-reader-text\">5.11 UTILITY CLIP MULTITOOL  MODELO 56379<\/span> Leer m\u00e1s &raquo;<\/a><\/p>\n","protected":false},"featured_media":3484,"comment_status":"open","ping_status":"closed","template":"","meta":{"site-sidebar-layout":"default","site-content-layout":"default","ast-global-header-display":"","ast-main-header-display":"","ast-hfb-above-header-display":"","ast-hfb-below-header-display":"","ast-hfb-mobile-header-display":"","site-post-title":"","ast-breadcrumbs-content":"","ast-featured-img":"","footer-sml-layout":"","theme-transparent-header-meta":"default","adv-header-id-meta":"","stick-header-meta":"","header-above-stick-meta":"","header-main-stick-meta":"","header-below-stick-meta":""},"product_cat":[90,142],"product_tag":[],"class_list":["post-3481","product","type-product","status-publish","has-post-thumbnail","hentry","product_cat-accesorios","product_cat-instrumentos"],"jetpack_sharing_enabled":true,"_links":{"self":[{"href":"https:\/\/pangeatacticalandoutdoors.com\/index.php\/wp-json\/wp\/v2\/product\/3481","targetHints":{"allow":["GET"]}}],"collection":[{"href":"https:\/\/pangeatacticalandoutdoors.com\/index.php\/wp-json\/wp\/v2\/product"}],"about":[{"href":"https:\/\/pangeatacticalandoutdoors.com\/index.php\/wp-json\/wp\/v2\/types\/product"}],"replies":[{"embeddable":true,"href":"https:\/\/pangeatacticalandoutdoors.com\/index.php\/wp-json\/wp\/v2\/comments?post=3481"}],"wp:featuredmedia":[{"embeddable":true,"href":"https:\/\/pangeatacticalandoutdoors.com\/index.php\/wp-json\/wp\/v2\/media\/3484"}],"wp:attachment":[{"href":"https:\/\/pangeatacticalandoutdoors.com\/index.php\/wp-json\/wp\/v2\/media?parent=3481"}],"wp:term":[{"taxonomy":"product_cat","embeddable":true,"href":"https:\/\/pangeatacticalandoutdoors.com\/index.php\/wp-json\/wp\/v2\/product_cat?post=3481"},{"taxonomy":"product_tag","embeddable":true,"href":"https:\/\/pangeatacticalandoutdoors.com\/index.php\/wp-json\/wp\/v2\/product_tag?post=3481"}],"curies":[{"name":"wp","href":"https:\/\/api.w.org\/{rel}","templated":true}]}}