{"id":3458,"date":"2021-11-01T11:34:38","date_gmt":"2021-11-01T17:34:38","guid":{"rendered":"https:\/\/pangeatacticalandoutdoors.com\/?post_type=product&#038;p=3458"},"modified":"2024-03-26T14:22:02","modified_gmt":"2024-03-26T20:22:02","slug":"5-11-1-5-tdu-belt-modelo-59551","status":"publish","type":"product","link":"https:\/\/pangeatacticalandoutdoors.com\/index.php\/producto\/5-11-1-5-tdu-belt-modelo-59551\/","title":{"rendered":"5.11-1.5&#8243; TDU BELT MODELO 59551"},"content":{"rendered":"<p><em>Un cintur\u00f3n t\u00e1ctico o de patrulla r\u00e1pido y conveniente que sobresale en una amplia gama de entornos, nuestro cintur\u00f3n TDU\u00ae de 1.5 \u201dse puede convertir r\u00e1pidamente en un amarre seguro o una correa de transporte secundaria.<\/em><\/p>\n<p>CARACTER\u00cdSTICAS:<\/p>\n<ul>\n<li>Ergon\u00f3mico, asequible y muy funcional<\/li>\n<li>Compatible con detectores de metales<\/li>\n<li>Se puede convertir en una correa de sujeci\u00f3n o de transporte.<\/li>\n<li>Correas de nailon duraderas<\/li>\n<li>Resistente a la decoloraci\u00f3n y al deshilachado<\/li>\n<li>Refuerzos cosidos cu\u00e1druples<\/li>\n<li>Hebilla no met\u00e1lica<\/li>\n<li>Los tama\u00f1os son peque\u00f1os; le recomendamos que pida 2 tallas m\u00e1s de la talla del pantal\u00f3n<\/li>\n<li>Importado<\/li>\n<\/ul>\n","protected":false},"excerpt":{"rendered":"<p>Un cintur\u00f3n t\u00e1ctico o de patrulla r\u00e1pido y conveniente que sobresale en una amplia gama de entornos, nuestro cintur\u00f3n TDU\u00ae de 1.5 \u201dse puede convertir r\u00e1pidamente en un amarre seguro o una correa de transporte secundaria. CARACTER\u00cdSTICAS: Ergon\u00f3mico, asequible y muy funcional Compatible con detectores de metales Se puede convertir en una correa de sujeci\u00f3n &hellip;<\/p>\n<p class=\"read-more\"> <a class=\"\" href=\"https:\/\/pangeatacticalandoutdoors.com\/index.php\/producto\/5-11-1-5-tdu-belt-modelo-59551\/\"> <span class=\"screen-reader-text\">5.11-1.5&#8243; TDU BELT MODELO 59551<\/span> Leer m\u00e1s &raquo;<\/a><\/p>\n","protected":false},"featured_media":3468,"comment_status":"open","ping_status":"closed","template":"","meta":{"site-sidebar-layout":"default","site-content-layout":"default","ast-global-header-display":"","ast-main-header-display":"","ast-hfb-above-header-display":"","ast-hfb-below-header-display":"","ast-hfb-mobile-header-display":"","site-post-title":"","ast-breadcrumbs-content":"","ast-featured-img":"","footer-sml-layout":"","theme-transparent-header-meta":"default","adv-header-id-meta":"","stick-header-meta":"","header-above-stick-meta":"","header-main-stick-meta":"","header-below-stick-meta":""},"product_cat":[90,141],"product_tag":[],"class_list":["post-3458","product","type-product","status-publish","has-post-thumbnail","hentry","product_cat-accesorios","product_cat-cinturones"],"jetpack_sharing_enabled":true,"_links":{"self":[{"href":"https:\/\/pangeatacticalandoutdoors.com\/index.php\/wp-json\/wp\/v2\/product\/3458","targetHints":{"allow":["GET"]}}],"collection":[{"href":"https:\/\/pangeatacticalandoutdoors.com\/index.php\/wp-json\/wp\/v2\/product"}],"about":[{"href":"https:\/\/pangeatacticalandoutdoors.com\/index.php\/wp-json\/wp\/v2\/types\/product"}],"replies":[{"embeddable":true,"href":"https:\/\/pangeatacticalandoutdoors.com\/index.php\/wp-json\/wp\/v2\/comments?post=3458"}],"wp:featuredmedia":[{"embeddable":true,"href":"https:\/\/pangeatacticalandoutdoors.com\/index.php\/wp-json\/wp\/v2\/media\/3468"}],"wp:attachment":[{"href":"https:\/\/pangeatacticalandoutdoors.com\/index.php\/wp-json\/wp\/v2\/media?parent=3458"}],"wp:term":[{"taxonomy":"product_cat","embeddable":true,"href":"https:\/\/pangeatacticalandoutdoors.com\/index.php\/wp-json\/wp\/v2\/product_cat?post=3458"},{"taxonomy":"product_tag","embeddable":true,"href":"https:\/\/pangeatacticalandoutdoors.com\/index.php\/wp-json\/wp\/v2\/product_tag?post=3458"}],"curies":[{"name":"wp","href":"https:\/\/api.w.org\/{rel}","templated":true}]}}