{"id":3431,"date":"2021-10-29T18:57:01","date_gmt":"2021-10-29T23:57:01","guid":{"rendered":"https:\/\/pangeatacticalandoutdoors.com\/?post_type=product&#038;p=3431"},"modified":"2022-06-21T15:18:28","modified_gmt":"2022-06-21T20:18:28","slug":"5-11-traverse-double-buckle-belt-modelo-59510","status":"publish","type":"product","link":"https:\/\/pangeatacticalandoutdoors.com\/index.php\/producto\/5-11-traverse-double-buckle-belt-modelo-59510\/","title":{"rendered":"5.11 TRAVERSE DOUBLE BUCKLE BELT MODELO 59510"},"content":{"rendered":"<p><em>Un cintur\u00f3n multiusos superior, el Traverse \u2122 Double Buckle tiene 1.5 \u201dde ancho y presenta mayor resistencia y durabilidad en un c\u00f3modo dise\u00f1o de perfil bajo. Ideal para uso casual y de trabajo, el cintur\u00f3n de doble hebilla Traverse \u2122 soporta f\u00e1cilmente una funda y un brazo sin que se enrolle ni se deforme. Las caracter\u00edsticas adicionales incluyen hebillas livianas de aluminio anodizado, correas de nailon con tejido acanalado, una punta de cintur\u00f3n reforzada con la firma 5.11\u00ae y sutiles toques con el logotipo en todas partes.<\/em><\/p>\n<h6>CARACTER\u00cdSTICAS:<\/h6>\n<ul>\n<li>Fuerte, duradero, c\u00f3modo<\/li>\n<li>Soporta una funda y un arma<\/li>\n<li>Hebillas de aluminio anodizado ligero de dos tonos<\/li>\n<li>Correas de nailon de tejido acanalado<\/li>\n<li>1,5 &#8220;de ancho<\/li>\n<li>Punta de cintur\u00f3n reforzada 5.11\u00ae Signature<\/li>\n<li>Mini punto de sujeci\u00f3n de bandera con parche de lazo de 1 &#8220;x1&#8221; en la parte delantera<\/li>\n<li>Sutiles toques con el logo de 5.11\u00ae en todas partes<\/li>\n<li>Los tama\u00f1os son peque\u00f1os; le recomendamos que pida 2 tallas m\u00e1s de la talla del pantal\u00f3n<\/li>\n<li>Importado<\/li>\n<\/ul>\n","protected":false},"excerpt":{"rendered":"<p>Un cintur\u00f3n multiusos superior, el Traverse \u2122 Double Buckle tiene 1.5 \u201dde ancho y presenta mayor resistencia y durabilidad en un c\u00f3modo dise\u00f1o de perfil bajo. Ideal para uso casual y de trabajo, el cintur\u00f3n de doble hebilla Traverse \u2122 soporta f\u00e1cilmente una funda y un brazo sin que se enrolle ni se deforme. Las &hellip;<\/p>\n<p class=\"read-more\"> <a class=\"\" href=\"https:\/\/pangeatacticalandoutdoors.com\/index.php\/producto\/5-11-traverse-double-buckle-belt-modelo-59510\/\"> <span class=\"screen-reader-text\">5.11 TRAVERSE DOUBLE BUCKLE BELT MODELO 59510<\/span> Leer m\u00e1s &raquo;<\/a><\/p>\n","protected":false},"featured_media":3441,"comment_status":"open","ping_status":"closed","template":"","meta":{"site-sidebar-layout":"default","site-content-layout":"default","ast-global-header-display":"","ast-main-header-display":"","ast-hfb-above-header-display":"","ast-hfb-below-header-display":"","ast-hfb-mobile-header-display":"","site-post-title":"","ast-breadcrumbs-content":"","ast-featured-img":"","footer-sml-layout":"","theme-transparent-header-meta":"default","adv-header-id-meta":"","stick-header-meta":"","header-above-stick-meta":"","header-main-stick-meta":"","header-below-stick-meta":""},"product_cat":[90,141],"product_tag":[],"class_list":["post-3431","product","type-product","status-publish","has-post-thumbnail","hentry","product_cat-accesorios","product_cat-cinturones"],"jetpack_sharing_enabled":true,"_links":{"self":[{"href":"https:\/\/pangeatacticalandoutdoors.com\/index.php\/wp-json\/wp\/v2\/product\/3431","targetHints":{"allow":["GET"]}}],"collection":[{"href":"https:\/\/pangeatacticalandoutdoors.com\/index.php\/wp-json\/wp\/v2\/product"}],"about":[{"href":"https:\/\/pangeatacticalandoutdoors.com\/index.php\/wp-json\/wp\/v2\/types\/product"}],"replies":[{"embeddable":true,"href":"https:\/\/pangeatacticalandoutdoors.com\/index.php\/wp-json\/wp\/v2\/comments?post=3431"}],"wp:featuredmedia":[{"embeddable":true,"href":"https:\/\/pangeatacticalandoutdoors.com\/index.php\/wp-json\/wp\/v2\/media\/3441"}],"wp:attachment":[{"href":"https:\/\/pangeatacticalandoutdoors.com\/index.php\/wp-json\/wp\/v2\/media?parent=3431"}],"wp:term":[{"taxonomy":"product_cat","embeddable":true,"href":"https:\/\/pangeatacticalandoutdoors.com\/index.php\/wp-json\/wp\/v2\/product_cat?post=3431"},{"taxonomy":"product_tag","embeddable":true,"href":"https:\/\/pangeatacticalandoutdoors.com\/index.php\/wp-json\/wp\/v2\/product_tag?post=3431"}],"curies":[{"name":"wp","href":"https:\/\/api.w.org\/{rel}","templated":true}]}}