{"id":3408,"date":"2021-10-29T18:16:04","date_gmt":"2021-10-29T23:16:04","guid":{"rendered":"https:\/\/pangeatacticalandoutdoors.com\/?post_type=product&#038;p=3408"},"modified":"2024-03-26T14:22:01","modified_gmt":"2024-03-26T20:22:01","slug":"5-11fast-tac-8-boot-modelo-12387","status":"publish","type":"product","link":"https:\/\/pangeatacticalandoutdoors.com\/index.php\/producto\/5-11fast-tac-8-boot-modelo-12387\/","title":{"rendered":"5.11FAST-TAC 8&#8243; BOOT MODELO 12387"},"content":{"rendered":"<p><em>Ya sea que necesite una bota s\u00f3lida y confiable, pero acolchada para tareas de patrulla o despliegue, las botas 5.11\u00ae Fast-Tac\u00ae de 8 &#8220;se ajustan a la factura. La plantilla Ortholite\u00ae le brinda una plataforma m\u00e1s fresca y seca, con una amortiguaci\u00f3n mejorada que puede sentir instant\u00e1neamente y cada vez que te pongas esta bota. La parte superior de nailon 840D resiste la abrasi\u00f3n en los entornos m\u00e1s intensos. Cuenta con la suela antideslizante para mantenerte estable.<\/em><\/p>\n<h6>CARACTER\u00cdSTICAS:<\/h6>\n<ul>\n<li>Plantilla OrthoLite\u00ae<\/li>\n<li>Puntera de cuero plena flor<\/li>\n<li>Parte superior de nailon 840D de alta abrasi\u00f3n<\/li>\n<li>Parte superior de cuero Action<\/li>\n<li>Suela Speed \u200b\u200bUrban Cup, antideslizante y al aceite<\/li>\n<\/ul>\n","protected":false},"excerpt":{"rendered":"<p>Ya sea que necesite una bota s\u00f3lida y confiable, pero acolchada para tareas de patrulla o despliegue, las botas 5.11\u00ae Fast-Tac\u00ae de 8 &#8220;se ajustan a la factura. La plantilla Ortholite\u00ae le brinda una plataforma m\u00e1s fresca y seca, con una amortiguaci\u00f3n mejorada que puede sentir instant\u00e1neamente y cada vez que te pongas esta bota. &hellip;<\/p>\n<p class=\"read-more\"> <a class=\"\" href=\"https:\/\/pangeatacticalandoutdoors.com\/index.php\/producto\/5-11fast-tac-8-boot-modelo-12387\/\"> <span class=\"screen-reader-text\">5.11FAST-TAC 8&#8243; BOOT MODELO 12387<\/span> Leer m\u00e1s &raquo;<\/a><\/p>\n","protected":false},"featured_media":3414,"comment_status":"open","ping_status":"closed","template":"","meta":{"site-sidebar-layout":"default","site-content-layout":"default","ast-global-header-display":"","ast-main-header-display":"","ast-hfb-above-header-display":"","ast-hfb-below-header-display":"","ast-hfb-mobile-header-display":"","site-post-title":"","ast-breadcrumbs-content":"","ast-featured-img":"","footer-sml-layout":"","theme-transparent-header-meta":"default","adv-header-id-meta":"","stick-header-meta":"","header-above-stick-meta":"","header-main-stick-meta":"","header-below-stick-meta":""},"product_cat":[139,89],"product_tag":[],"class_list":["post-3408","product","type-product","status-publish","has-post-thumbnail","hentry","product_cat-botas","product_cat-calzado"],"jetpack_sharing_enabled":true,"_links":{"self":[{"href":"https:\/\/pangeatacticalandoutdoors.com\/index.php\/wp-json\/wp\/v2\/product\/3408","targetHints":{"allow":["GET"]}}],"collection":[{"href":"https:\/\/pangeatacticalandoutdoors.com\/index.php\/wp-json\/wp\/v2\/product"}],"about":[{"href":"https:\/\/pangeatacticalandoutdoors.com\/index.php\/wp-json\/wp\/v2\/types\/product"}],"replies":[{"embeddable":true,"href":"https:\/\/pangeatacticalandoutdoors.com\/index.php\/wp-json\/wp\/v2\/comments?post=3408"}],"wp:featuredmedia":[{"embeddable":true,"href":"https:\/\/pangeatacticalandoutdoors.com\/index.php\/wp-json\/wp\/v2\/media\/3414"}],"wp:attachment":[{"href":"https:\/\/pangeatacticalandoutdoors.com\/index.php\/wp-json\/wp\/v2\/media?parent=3408"}],"wp:term":[{"taxonomy":"product_cat","embeddable":true,"href":"https:\/\/pangeatacticalandoutdoors.com\/index.php\/wp-json\/wp\/v2\/product_cat?post=3408"},{"taxonomy":"product_tag","embeddable":true,"href":"https:\/\/pangeatacticalandoutdoors.com\/index.php\/wp-json\/wp\/v2\/product_tag?post=3408"}],"curies":[{"name":"wp","href":"https:\/\/api.w.org\/{rel}","templated":true}]}}