{"id":3398,"date":"2021-10-29T18:08:24","date_gmt":"2021-10-29T23:08:24","guid":{"rendered":"https:\/\/pangeatacticalandoutdoors.com\/?post_type=product&#038;p=3398"},"modified":"2024-05-31T18:47:54","modified_gmt":"2024-05-31T23:47:54","slug":"5-11-speed-3-0-coyote-side-zip-boot-modelo-12337","status":"publish","type":"product","link":"https:\/\/pangeatacticalandoutdoors.com\/index.php\/producto\/5-11-speed-3-0-coyote-side-zip-boot-modelo-12337\/","title":{"rendered":"5.11-SPEED 3.0 DESERT COYOTE SIDE ZIP BOOT MODELO 12337"},"content":{"rendered":"<p><em>Nuestras botas para el desierto Speed \u200b\u200b3.0, dise\u00f1adas para soportar entornos h\u00famedos y hostiles, son versiones aceleradas de las botas ATAC\u00ae. Con una innovadora tecnolog\u00eda de secado r\u00e1pido, absorben menos agua y se secan m\u00e1s r\u00e1pido que las botas tradicionales. Bienvenido a la perfecci\u00f3n liviana, transpirable y que absorbe la humedad para el trabajo, la cocina o simplemente para jugar.<\/em><\/p>\n<h6>CARACTER\u00cdSTICAS:<\/h6>\n<ul>\n<li>Versi\u00f3n acelerada de ATAC\u00ae Boot<\/li>\n<li>Ligero, transpirable y que absorbe la humedad.<\/li>\n<li>Perfecto para el trabajo, la gama y el uso personal.<\/li>\n<li>Ca\u00edda del tal\u00f3n a la punta de 14 mm<\/li>\n<li>Cremallera lateral<\/li>\n<li>Plantilla y suela ATAC\u00ae<\/li>\n<li>Parte superior de nailon y gamuza desbastada bovina<br \/>\nPlantilla Ortholite\u00ae<\/li>\n<li>Banda de rodadura multiterreno resistente al aceite y al deslizamiento<\/li>\n<li>Dedo del pie para escalar cercas<\/li>\n<li>Importado<\/li>\n<\/ul>\n","protected":false},"excerpt":{"rendered":"<p>Nuestras botas para el desierto Speed \u200b\u200b3.0, dise\u00f1adas para soportar entornos h\u00famedos y hostiles, son versiones aceleradas de las botas ATAC\u00ae. Con una innovadora tecnolog\u00eda de secado r\u00e1pido, absorben menos agua y se secan m\u00e1s r\u00e1pido que las botas tradicionales. Bienvenido a la perfecci\u00f3n liviana, transpirable y que absorbe la humedad para el trabajo, la &hellip;<\/p>\n<p class=\"read-more\"> <a class=\"\" href=\"https:\/\/pangeatacticalandoutdoors.com\/index.php\/producto\/5-11-speed-3-0-coyote-side-zip-boot-modelo-12337\/\"> <span class=\"screen-reader-text\">5.11-SPEED 3.0 DESERT COYOTE SIDE ZIP BOOT MODELO 12337<\/span> Leer m\u00e1s &raquo;<\/a><\/p>\n","protected":false},"featured_media":3403,"comment_status":"open","ping_status":"closed","template":"","meta":{"site-sidebar-layout":"default","site-content-layout":"default","ast-global-header-display":"","ast-main-header-display":"","ast-hfb-above-header-display":"","ast-hfb-below-header-display":"","ast-hfb-mobile-header-display":"","site-post-title":"","ast-breadcrumbs-content":"","ast-featured-img":"","footer-sml-layout":"","theme-transparent-header-meta":"default","adv-header-id-meta":"","stick-header-meta":"","header-above-stick-meta":"","header-main-stick-meta":"","header-below-stick-meta":""},"product_cat":[139,89],"product_tag":[],"class_list":["post-3398","product","type-product","status-publish","has-post-thumbnail","hentry","product_cat-botas","product_cat-calzado"],"jetpack_sharing_enabled":true,"_links":{"self":[{"href":"https:\/\/pangeatacticalandoutdoors.com\/index.php\/wp-json\/wp\/v2\/product\/3398","targetHints":{"allow":["GET"]}}],"collection":[{"href":"https:\/\/pangeatacticalandoutdoors.com\/index.php\/wp-json\/wp\/v2\/product"}],"about":[{"href":"https:\/\/pangeatacticalandoutdoors.com\/index.php\/wp-json\/wp\/v2\/types\/product"}],"replies":[{"embeddable":true,"href":"https:\/\/pangeatacticalandoutdoors.com\/index.php\/wp-json\/wp\/v2\/comments?post=3398"}],"wp:featuredmedia":[{"embeddable":true,"href":"https:\/\/pangeatacticalandoutdoors.com\/index.php\/wp-json\/wp\/v2\/media\/3403"}],"wp:attachment":[{"href":"https:\/\/pangeatacticalandoutdoors.com\/index.php\/wp-json\/wp\/v2\/media?parent=3398"}],"wp:term":[{"taxonomy":"product_cat","embeddable":true,"href":"https:\/\/pangeatacticalandoutdoors.com\/index.php\/wp-json\/wp\/v2\/product_cat?post=3398"},{"taxonomy":"product_tag","embeddable":true,"href":"https:\/\/pangeatacticalandoutdoors.com\/index.php\/wp-json\/wp\/v2\/product_tag?post=3398"}],"curies":[{"name":"wp","href":"https:\/\/api.w.org\/{rel}","templated":true}]}}