{"id":3387,"date":"2021-10-29T18:01:44","date_gmt":"2021-10-29T23:01:44","guid":{"rendered":"https:\/\/pangeatacticalandoutdoors.com\/?post_type=product&#038;p=3387"},"modified":"2024-03-26T14:22:01","modified_gmt":"2024-03-26T20:22:01","slug":"5-11-speed-3-0-side-zip-boot-modelo-12336","status":"publish","type":"product","link":"https:\/\/pangeatacticalandoutdoors.com\/index.php\/producto\/5-11-speed-3-0-side-zip-boot-modelo-12336\/","title":{"rendered":"5.11 SPEED 3.0 URBAN SIDE ZIP BOOT MODELO 12336"},"content":{"rendered":"<p><em>La bota con cremallera lateral 5.11\u00ae Speed \u200b\u200b3.0 est\u00e1 dise\u00f1ada para brindar una comodidad y estabilidad superiores, con nuestra suela Speed \u200b\u200b3.0 Urban, una cremallera lateral para poner y quitar f\u00e1cilmente, una puntera para escalar cercas y un nuevo aceite de alta tracci\u00f3n y antideslizante urbano. huella.<\/em><\/p>\n<h6>CARACTERISTICAS:<\/h6>\n<ul>\n<li>Versi\u00f3n acelerada de ATAC\u00ae Boot<\/li>\n<li>Ligero, transpirable y que absorbe la humedad.<\/li>\n<li>Perfecto para el trabajo, la gama y el uso personal.<\/li>\n<li>Cremallera lateral<\/li>\n<li>Forro de control de olores<\/li>\n<li>Ca\u00edda del tal\u00f3n a la punta de 14 mm<\/li>\n<li>Plantilla y suela ATAC\u00ae<\/li>\n<li>Parte superior de piel y nailon<\/li>\n<li>Plantilla Ortholite\u00ae<\/li>\n<li>Banda de rodadura urbana resistente al aceite y al deslizamiento<\/li>\n<li>Dedo del pie para escalar cercas<\/li>\n<li>Importado<\/li>\n<li>TECNOLOG\u00cdA DE ARRANQUE CON CREMALLERA LATERAL SPEED \u200b\u200b3.0<\/li>\n<\/ul>\n<p>&nbsp;<\/p>\n","protected":false},"excerpt":{"rendered":"<p>La bota con cremallera lateral 5.11\u00ae Speed \u200b\u200b3.0 est\u00e1 dise\u00f1ada para brindar una comodidad y estabilidad superiores, con nuestra suela Speed \u200b\u200b3.0 Urban, una cremallera lateral para poner y quitar f\u00e1cilmente, una puntera para escalar cercas y un nuevo aceite de alta tracci\u00f3n y antideslizante urbano. huella. CARACTERISTICAS: Versi\u00f3n acelerada de ATAC\u00ae Boot Ligero, transpirable &hellip;<\/p>\n<p class=\"read-more\"> <a class=\"\" href=\"https:\/\/pangeatacticalandoutdoors.com\/index.php\/producto\/5-11-speed-3-0-side-zip-boot-modelo-12336\/\"> <span class=\"screen-reader-text\">5.11 SPEED 3.0 URBAN SIDE ZIP BOOT MODELO 12336<\/span> Leer m\u00e1s &raquo;<\/a><\/p>\n","protected":false},"featured_media":3393,"comment_status":"open","ping_status":"closed","template":"","meta":{"site-sidebar-layout":"default","site-content-layout":"default","ast-global-header-display":"","ast-main-header-display":"","ast-hfb-above-header-display":"","ast-hfb-below-header-display":"","ast-hfb-mobile-header-display":"","site-post-title":"","ast-breadcrumbs-content":"","ast-featured-img":"","footer-sml-layout":"","theme-transparent-header-meta":"default","adv-header-id-meta":"","stick-header-meta":"","header-above-stick-meta":"","header-main-stick-meta":"","header-below-stick-meta":""},"product_cat":[139,89],"product_tag":[],"class_list":["post-3387","product","type-product","status-publish","has-post-thumbnail","hentry","product_cat-botas","product_cat-calzado"],"jetpack_sharing_enabled":true,"_links":{"self":[{"href":"https:\/\/pangeatacticalandoutdoors.com\/index.php\/wp-json\/wp\/v2\/product\/3387","targetHints":{"allow":["GET"]}}],"collection":[{"href":"https:\/\/pangeatacticalandoutdoors.com\/index.php\/wp-json\/wp\/v2\/product"}],"about":[{"href":"https:\/\/pangeatacticalandoutdoors.com\/index.php\/wp-json\/wp\/v2\/types\/product"}],"replies":[{"embeddable":true,"href":"https:\/\/pangeatacticalandoutdoors.com\/index.php\/wp-json\/wp\/v2\/comments?post=3387"}],"wp:featuredmedia":[{"embeddable":true,"href":"https:\/\/pangeatacticalandoutdoors.com\/index.php\/wp-json\/wp\/v2\/media\/3393"}],"wp:attachment":[{"href":"https:\/\/pangeatacticalandoutdoors.com\/index.php\/wp-json\/wp\/v2\/media?parent=3387"}],"wp:term":[{"taxonomy":"product_cat","embeddable":true,"href":"https:\/\/pangeatacticalandoutdoors.com\/index.php\/wp-json\/wp\/v2\/product_cat?post=3387"},{"taxonomy":"product_tag","embeddable":true,"href":"https:\/\/pangeatacticalandoutdoors.com\/index.php\/wp-json\/wp\/v2\/product_tag?post=3387"}],"curies":[{"name":"wp","href":"https:\/\/api.w.org\/{rel}","templated":true}]}}