{"id":3363,"date":"2021-10-29T17:39:52","date_gmt":"2021-10-29T22:39:52","guid":{"rendered":"https:\/\/pangeatacticalandoutdoors.com\/?post_type=product&#038;p=3363"},"modified":"2023-06-26T18:23:41","modified_gmt":"2023-06-26T23:23:41","slug":"5-11-covert-vest-modelo-80016","status":"publish","type":"product","link":"https:\/\/pangeatacticalandoutdoors.com\/index.php\/producto\/5-11-covert-vest-modelo-80016\/","title":{"rendered":"5.11 COVERT VEST MODELO 80016"},"content":{"rendered":"<p><em>Una opci\u00f3n ideal para los usuarios de Air Marshalls o CCW, el chaleco oculto 5.11\u00ae fue dise\u00f1ado para proporcionar una utilidad t\u00e1ctica superior y portabilidad sin dejar de ser discreto.<\/em><\/p>\n<h6>CARACTER\u00cdSTICAS:<\/h6>\n<ul>\n<li>Apariencia encubierta<\/li>\n<li>Resistente al agua y al viento<\/li>\n<li>Bolsillos pasantes con cremallera para un acceso r\u00e1pido al brazo lateral<\/li>\n<li>Softshell 100% poli\u00e9ster unido<\/li>\n<li>Ready Pocket \u2122 en el pecho para guardar documentos o un tel\u00e9fono<\/li>\n<li>Bolsillos calientamanos con forro de tricot<\/li>\n<li>Remate en puntos clave de estr\u00e9s<\/li>\n<li>Compatible con TacTec \u2122<\/li>\n<li>Importado<\/li>\n<\/ul>\n","protected":false},"excerpt":{"rendered":"<p>Una opci\u00f3n ideal para los usuarios de Air Marshalls o CCW, el chaleco oculto 5.11\u00ae fue dise\u00f1ado para proporcionar una utilidad t\u00e1ctica superior y portabilidad sin dejar de ser discreto. CARACTER\u00cdSTICAS: Apariencia encubierta Resistente al agua y al viento Bolsillos pasantes con cremallera para un acceso r\u00e1pido al brazo lateral Softshell 100% poli\u00e9ster unido Ready &hellip;<\/p>\n<p class=\"read-more\"> <a class=\"\" href=\"https:\/\/pangeatacticalandoutdoors.com\/index.php\/producto\/5-11-covert-vest-modelo-80016\/\"> <span class=\"screen-reader-text\">5.11 COVERT VEST MODELO 80016<\/span> Leer m\u00e1s &raquo;<\/a><\/p>\n","protected":false},"featured_media":3377,"comment_status":"open","ping_status":"closed","template":"","meta":{"site-sidebar-layout":"default","site-content-layout":"default","ast-global-header-display":"","ast-main-header-display":"","ast-hfb-above-header-display":"","ast-hfb-below-header-display":"","ast-hfb-mobile-header-display":"","site-post-title":"","ast-breadcrumbs-content":"","ast-featured-img":"","footer-sml-layout":"","theme-transparent-header-meta":"default","adv-header-id-meta":"","stick-header-meta":"","header-above-stick-meta":"","header-main-stick-meta":"","header-below-stick-meta":""},"product_cat":[137,87],"product_tag":[],"class_list":["post-3363","product","type-product","status-publish","has-post-thumbnail","hentry","product_cat-chalecos","product_cat-ropa"],"jetpack_sharing_enabled":true,"_links":{"self":[{"href":"https:\/\/pangeatacticalandoutdoors.com\/index.php\/wp-json\/wp\/v2\/product\/3363","targetHints":{"allow":["GET"]}}],"collection":[{"href":"https:\/\/pangeatacticalandoutdoors.com\/index.php\/wp-json\/wp\/v2\/product"}],"about":[{"href":"https:\/\/pangeatacticalandoutdoors.com\/index.php\/wp-json\/wp\/v2\/types\/product"}],"replies":[{"embeddable":true,"href":"https:\/\/pangeatacticalandoutdoors.com\/index.php\/wp-json\/wp\/v2\/comments?post=3363"}],"wp:featuredmedia":[{"embeddable":true,"href":"https:\/\/pangeatacticalandoutdoors.com\/index.php\/wp-json\/wp\/v2\/media\/3377"}],"wp:attachment":[{"href":"https:\/\/pangeatacticalandoutdoors.com\/index.php\/wp-json\/wp\/v2\/media?parent=3363"}],"wp:term":[{"taxonomy":"product_cat","embeddable":true,"href":"https:\/\/pangeatacticalandoutdoors.com\/index.php\/wp-json\/wp\/v2\/product_cat?post=3363"},{"taxonomy":"product_tag","embeddable":true,"href":"https:\/\/pangeatacticalandoutdoors.com\/index.php\/wp-json\/wp\/v2\/product_tag?post=3363"}],"curies":[{"name":"wp","href":"https:\/\/api.w.org\/{rel}","templated":true}]}}