{"id":3344,"date":"2021-10-29T15:58:05","date_gmt":"2021-10-29T20:58:05","guid":{"rendered":"https:\/\/pangeatacticalandoutdoors.com\/?post_type=product&#038;p=3344"},"modified":"2023-10-30T14:06:07","modified_gmt":"2023-10-30T20:06:07","slug":"5-11-packable-jacket-modelo-48035","status":"publish","type":"product","link":"https:\/\/pangeatacticalandoutdoors.com\/index.php\/producto\/5-11-packable-jacket-modelo-48035\/","title":{"rendered":"5.11 PACKABLE  JACKET MODELO 48035"},"content":{"rendered":"<p><em>Dise\u00f1ada para brindar protecci\u00f3n r\u00e1pida contra climas impredecibles, la chaqueta plegable se pliega f\u00e1cilmente en su propia bolsa de transporte y se puede guardar en su cami\u00f3n, bolsa de patrulla o casillero.<\/em><\/p>\n<h6>CARACTER\u00cdSTICAS:<\/h6>\n<ul>\n<li>C\u00e1lido, c\u00f3modo, resistente al viento.<\/li>\n<li>Se pliega r\u00e1pidamente en su propia bolsa compacta<\/li>\n<li>Se guarda f\u00e1cilmente en un cami\u00f3n, bolso o casillero<\/li>\n<li>Poli\u00e9ster ligero y duradero<\/li>\n<li>Pu\u00f1os de manga el\u00e1sticos<\/li>\n<li>Presillas de micr\u00f3fono en ambas costuras de los hombros<\/li>\n<li>Ready Pocket \u2122 en el pecho para guardar documentos o un tel\u00e9fono<\/li>\n<li>Cremallera frontal completa<\/li>\n<li>Herrajes de cremallera YKK\u00ae<\/li>\n<li>Importado<\/li>\n<\/ul>\n","protected":false},"excerpt":{"rendered":"<p>Dise\u00f1ada para brindar protecci\u00f3n r\u00e1pida contra climas impredecibles, la chaqueta plegable se pliega f\u00e1cilmente en su propia bolsa de transporte y se puede guardar en su cami\u00f3n, bolsa de patrulla o casillero. CARACTER\u00cdSTICAS: C\u00e1lido, c\u00f3modo, resistente al viento. Se pliega r\u00e1pidamente en su propia bolsa compacta Se guarda f\u00e1cilmente en un cami\u00f3n, bolso o casillero &hellip;<\/p>\n<p class=\"read-more\"> <a class=\"\" href=\"https:\/\/pangeatacticalandoutdoors.com\/index.php\/producto\/5-11-packable-jacket-modelo-48035\/\"> <span class=\"screen-reader-text\">5.11 PACKABLE  JACKET MODELO 48035<\/span> Leer m\u00e1s &raquo;<\/a><\/p>\n","protected":false},"featured_media":3359,"comment_status":"open","ping_status":"closed","template":"","meta":{"site-sidebar-layout":"default","site-content-layout":"default","ast-global-header-display":"","ast-main-header-display":"","ast-hfb-above-header-display":"","ast-hfb-below-header-display":"","ast-hfb-mobile-header-display":"","site-post-title":"","ast-breadcrumbs-content":"","ast-featured-img":"","footer-sml-layout":"","theme-transparent-header-meta":"default","adv-header-id-meta":"","stick-header-meta":"","header-above-stick-meta":"","header-main-stick-meta":"","header-below-stick-meta":""},"product_cat":[136,87],"product_tag":[],"class_list":["post-3344","product","type-product","status-publish","has-post-thumbnail","hentry","product_cat-chamarras-y-chaquetas","product_cat-ropa"],"jetpack_sharing_enabled":true,"_links":{"self":[{"href":"https:\/\/pangeatacticalandoutdoors.com\/index.php\/wp-json\/wp\/v2\/product\/3344","targetHints":{"allow":["GET"]}}],"collection":[{"href":"https:\/\/pangeatacticalandoutdoors.com\/index.php\/wp-json\/wp\/v2\/product"}],"about":[{"href":"https:\/\/pangeatacticalandoutdoors.com\/index.php\/wp-json\/wp\/v2\/types\/product"}],"replies":[{"embeddable":true,"href":"https:\/\/pangeatacticalandoutdoors.com\/index.php\/wp-json\/wp\/v2\/comments?post=3344"}],"wp:featuredmedia":[{"embeddable":true,"href":"https:\/\/pangeatacticalandoutdoors.com\/index.php\/wp-json\/wp\/v2\/media\/3359"}],"wp:attachment":[{"href":"https:\/\/pangeatacticalandoutdoors.com\/index.php\/wp-json\/wp\/v2\/media?parent=3344"}],"wp:term":[{"taxonomy":"product_cat","embeddable":true,"href":"https:\/\/pangeatacticalandoutdoors.com\/index.php\/wp-json\/wp\/v2\/product_cat?post=3344"},{"taxonomy":"product_tag","embeddable":true,"href":"https:\/\/pangeatacticalandoutdoors.com\/index.php\/wp-json\/wp\/v2\/product_tag?post=3344"}],"curies":[{"name":"wp","href":"https:\/\/api.w.org\/{rel}","templated":true}]}}