{"id":3298,"date":"2021-10-28T14:34:23","date_gmt":"2021-10-28T19:34:23","guid":{"rendered":"https:\/\/pangeatacticalandoutdoors.com\/?post_type=product&#038;p=3298"},"modified":"2023-10-30T13:59:55","modified_gmt":"2023-10-30T19:59:55","slug":"5-11-watch-cap-modelo-89250","status":"publish","type":"product","link":"https:\/\/pangeatacticalandoutdoors.com\/index.php\/producto\/5-11-watch-cap-modelo-89250\/","title":{"rendered":"5.11 WATCH CAP MODELO 89250"},"content":{"rendered":"<p><em>Confeccionada con vell\u00f3n de poli\u00e9ster de alto rendimiento, la gorra Watch ofrece una calidez superior sin dejar de ser liviana y transpirable, lo que la hace perfecta para cazar, acampar y el campo.<\/em><\/p>\n<h6>CARACTER\u00cdSTICAS:<\/h6>\n<ul>\n<li>Gorra ligera y c\u00e1lida<\/li>\n<li>Resistente al viento, resistente al agua y anti-pilling<\/li>\n<li>Ideal para cazar, acampar y la gama.<\/li>\n<li>Vell\u00f3n de poli\u00e9ster<\/li>\n<li>Construcci\u00f3n anti-pilling<\/li>\n<li>Resistente al viento<\/li>\n<li>Resistente al agua<\/li>\n<li>Importado<\/li>\n<\/ul>\n","protected":false},"excerpt":{"rendered":"<p>Confeccionada con vell\u00f3n de poli\u00e9ster de alto rendimiento, la gorra Watch ofrece una calidez superior sin dejar de ser liviana y transpirable, lo que la hace perfecta para cazar, acampar y el campo. CARACTER\u00cdSTICAS: Gorra ligera y c\u00e1lida Resistente al viento, resistente al agua y anti-pilling Ideal para cazar, acampar y la gama. Vell\u00f3n de &hellip;<\/p>\n<p class=\"read-more\"> <a class=\"\" href=\"https:\/\/pangeatacticalandoutdoors.com\/index.php\/producto\/5-11-watch-cap-modelo-89250\/\"> <span class=\"screen-reader-text\">5.11 WATCH CAP MODELO 89250<\/span> Leer m\u00e1s &raquo;<\/a><\/p>\n","protected":false},"featured_media":3303,"comment_status":"open","ping_status":"closed","template":"","meta":{"site-sidebar-layout":"default","site-content-layout":"default","ast-global-header-display":"","ast-main-header-display":"","ast-hfb-above-header-display":"","ast-hfb-below-header-display":"","ast-hfb-mobile-header-display":"","site-post-title":"","ast-breadcrumbs-content":"","ast-featured-img":"","footer-sml-layout":"","theme-transparent-header-meta":"default","adv-header-id-meta":"","stick-header-meta":"","header-above-stick-meta":"","header-main-stick-meta":"","header-below-stick-meta":""},"product_cat":[90,134],"product_tag":[],"class_list":["post-3298","product","type-product","status-publish","has-post-thumbnail","hentry","product_cat-accesorios","product_cat-gorras"],"jetpack_sharing_enabled":true,"_links":{"self":[{"href":"https:\/\/pangeatacticalandoutdoors.com\/index.php\/wp-json\/wp\/v2\/product\/3298","targetHints":{"allow":["GET"]}}],"collection":[{"href":"https:\/\/pangeatacticalandoutdoors.com\/index.php\/wp-json\/wp\/v2\/product"}],"about":[{"href":"https:\/\/pangeatacticalandoutdoors.com\/index.php\/wp-json\/wp\/v2\/types\/product"}],"replies":[{"embeddable":true,"href":"https:\/\/pangeatacticalandoutdoors.com\/index.php\/wp-json\/wp\/v2\/comments?post=3298"}],"wp:featuredmedia":[{"embeddable":true,"href":"https:\/\/pangeatacticalandoutdoors.com\/index.php\/wp-json\/wp\/v2\/media\/3303"}],"wp:attachment":[{"href":"https:\/\/pangeatacticalandoutdoors.com\/index.php\/wp-json\/wp\/v2\/media?parent=3298"}],"wp:term":[{"taxonomy":"product_cat","embeddable":true,"href":"https:\/\/pangeatacticalandoutdoors.com\/index.php\/wp-json\/wp\/v2\/product_cat?post=3298"},{"taxonomy":"product_tag","embeddable":true,"href":"https:\/\/pangeatacticalandoutdoors.com\/index.php\/wp-json\/wp\/v2\/product_tag?post=3298"}],"curies":[{"name":"wp","href":"https:\/\/api.w.org\/{rel}","templated":true}]}}