{"id":3283,"date":"2021-10-28T13:55:07","date_gmt":"2021-10-28T18:55:07","guid":{"rendered":"https:\/\/pangeatacticalandoutdoors.com\/?post_type=product&#038;p=3283"},"modified":"2025-03-31T14:17:18","modified_gmt":"2025-03-31T20:17:18","slug":"5-11-pantalon-fast-tac-ge07-tdu-pant-modelo-74462","status":"publish","type":"product","link":"https:\/\/pangeatacticalandoutdoors.com\/index.php\/producto\/5-11-pantalon-fast-tac-ge07-tdu-pant-modelo-74462\/","title":{"rendered":"5.11 PANTALON FAST TAC  GE07 TDU PANT MODELO 74462"},"content":{"rendered":"<p><em>La \u00faltima innovaci\u00f3n de 5.11&#8217;s\u00ae llega a uno de nuestros pantalones m\u00e1s usados, el TDU \u2122. Fast-Tac \u2122 utiliza una tela ripstop de poli\u00e9ster liviana (4.7 oz.) Con resistencia al agua para lo \u00faltimo en funcionalidad t\u00e1ctica liviana.<\/em><\/p>\n<h6>CARACTER\u00cdSTICAS:<\/h6>\n<ul>\n<li>Patr\u00f3n de camuflaje GEO7 \u2122<\/li>\n<li>Construido a partir de 4.7 oz. Tejido Ripstop de poli\u00e9ster Fast-Tac \u2122 con acabado resistente al agua<\/li>\n<li>6 pantalones de bolsillo<\/li>\n<li>Aberturas de los bolsillos delanteros con tejido biel\u00e1stico que permite una cinturilla c\u00f3moda<\/li>\n<li>Bolsillos delanteros reforzados<\/li>\n<li>Bolsillos delanteros y traseros con doble costura para un transporte pesado<\/li>\n<li>Aberturas para las piernas con cordones extra\u00edbles<\/li>\n<li>Cierre de gancho y bucle en los bolsillos traseros y cargo<\/li>\n<li>Broches Prym\u00ae y cremallera YKK\u00ae<\/li>\n<li>Pantalones TDU \u2122 c\u00f3modos, duraderos y transpirables<\/li>\n<li>Bolsillos extra de tama\u00f1o para uso t\u00e1ctico<\/li>\n<li>Listo para rodilleras<\/li>\n<li>Forma relajada<\/li>\n<li>Importado<\/li>\n<\/ul>\n","protected":false},"excerpt":{"rendered":"<p>La \u00faltima innovaci\u00f3n de 5.11&#8217;s\u00ae llega a uno de nuestros pantalones m\u00e1s usados, el TDU \u2122. Fast-Tac \u2122 utiliza una tela ripstop de poli\u00e9ster liviana (4.7 oz.) Con resistencia al agua para lo \u00faltimo en funcionalidad t\u00e1ctica liviana. CARACTER\u00cdSTICAS: Patr\u00f3n de camuflaje GEO7 \u2122 Construido a partir de 4.7 oz. Tejido Ripstop de poli\u00e9ster Fast-Tac &hellip;<\/p>\n<p class=\"read-more\"> <a class=\"\" href=\"https:\/\/pangeatacticalandoutdoors.com\/index.php\/producto\/5-11-pantalon-fast-tac-ge07-tdu-pant-modelo-74462\/\"> <span class=\"screen-reader-text\">5.11 PANTALON FAST TAC  GE07 TDU PANT MODELO 74462<\/span> Leer m\u00e1s &raquo;<\/a><\/p>\n","protected":false},"featured_media":3282,"comment_status":"open","ping_status":"closed","template":"","meta":{"site-sidebar-layout":"default","site-content-layout":"default","ast-global-header-display":"","ast-main-header-display":"","ast-hfb-above-header-display":"","ast-hfb-below-header-display":"","ast-hfb-mobile-header-display":"","site-post-title":"","ast-breadcrumbs-content":"","ast-featured-img":"","footer-sml-layout":"","theme-transparent-header-meta":"default","adv-header-id-meta":"","stick-header-meta":"","header-above-stick-meta":"","header-main-stick-meta":"","header-below-stick-meta":""},"product_cat":[133,87],"product_tag":[],"class_list":["post-3283","product","type-product","status-publish","has-post-thumbnail","hentry","product_cat-pantalones","product_cat-ropa"],"jetpack_sharing_enabled":true,"_links":{"self":[{"href":"https:\/\/pangeatacticalandoutdoors.com\/index.php\/wp-json\/wp\/v2\/product\/3283","targetHints":{"allow":["GET"]}}],"collection":[{"href":"https:\/\/pangeatacticalandoutdoors.com\/index.php\/wp-json\/wp\/v2\/product"}],"about":[{"href":"https:\/\/pangeatacticalandoutdoors.com\/index.php\/wp-json\/wp\/v2\/types\/product"}],"replies":[{"embeddable":true,"href":"https:\/\/pangeatacticalandoutdoors.com\/index.php\/wp-json\/wp\/v2\/comments?post=3283"}],"wp:featuredmedia":[{"embeddable":true,"href":"https:\/\/pangeatacticalandoutdoors.com\/index.php\/wp-json\/wp\/v2\/media\/3282"}],"wp:attachment":[{"href":"https:\/\/pangeatacticalandoutdoors.com\/index.php\/wp-json\/wp\/v2\/media?parent=3283"}],"wp:term":[{"taxonomy":"product_cat","embeddable":true,"href":"https:\/\/pangeatacticalandoutdoors.com\/index.php\/wp-json\/wp\/v2\/product_cat?post=3283"},{"taxonomy":"product_tag","embeddable":true,"href":"https:\/\/pangeatacticalandoutdoors.com\/index.php\/wp-json\/wp\/v2\/product_tag?post=3283"}],"curies":[{"name":"wp","href":"https:\/\/api.w.org\/{rel}","templated":true}]}}