{"id":3253,"date":"2021-10-28T13:47:32","date_gmt":"2021-10-28T18:47:32","guid":{"rendered":"https:\/\/pangeatacticalandoutdoors.com\/?post_type=product&#038;p=3253"},"modified":"2026-02-12T15:00:43","modified_gmt":"2026-02-12T21:00:43","slug":"5-11pantalon-fast-tac-tdu-pant-modelo-74462","status":"publish","type":"product","link":"https:\/\/pangeatacticalandoutdoors.com\/index.php\/producto\/5-11pantalon-fast-tac-tdu-pant-modelo-74462\/","title":{"rendered":"5.11-PANTAL\u00d3N FAST TAC TDU 74462"},"content":{"rendered":"<p><em>La \u00faltima innovaci\u00f3n de 5.11&#8217;s\u00ae llega a uno de nuestros pantalones m\u00e1s usados, el TDU \u2122. Fast-Tac \u2122 utiliza una tela ripstop de poli\u00e9ster liviana (4.7 oz.) Con resistencia al agua para lo \u00faltimo en funcionalidad t\u00e1ctica liviana.<\/em><\/p>\n<h6>CARACTER\u00cdSTICAS:<\/h6>\n<ul>\n<li>Bolsillos delanteros y traseros con doble costura para un transporte pesado<\/li>\n<li>Aberturas para las piernas con cordones extra\u00edbles<\/li>\n<li>Rodillera interna lista<\/li>\n<li>Cierre de gancho y bucle en los bolsillos traseros y cargo<\/li>\n<li>Broches Prym\u00ae y cremallera YKK\u00ae<\/li>\n<li>Pantalones TDU \u2122 c\u00f3modos, duraderos y transpirables<\/li>\n<li>Bolsillos extra de tama\u00f1o para uso t\u00e1ctico<\/li>\n<\/ul>\n","protected":false},"excerpt":{"rendered":"<p>La \u00faltima innovaci\u00f3n de 5.11&#8217;s\u00ae llega a uno de nuestros pantalones m\u00e1s usados, el TDU \u2122. Fast-Tac \u2122 utiliza una tela ripstop de poli\u00e9ster liviana (4.7 oz.) Con resistencia al agua para lo \u00faltimo en funcionalidad t\u00e1ctica liviana. CARACTER\u00cdSTICAS: Bolsillos delanteros y traseros con doble costura para un transporte pesado Aberturas para las piernas con &hellip;<\/p>\n<p class=\"read-more\"> <a class=\"\" href=\"https:\/\/pangeatacticalandoutdoors.com\/index.php\/producto\/5-11pantalon-fast-tac-tdu-pant-modelo-74462\/\"> <span class=\"screen-reader-text\">5.11-PANTAL\u00d3N FAST TAC TDU 74462<\/span> Leer m\u00e1s &raquo;<\/a><\/p>\n","protected":false},"featured_media":3273,"comment_status":"open","ping_status":"closed","template":"","meta":{"site-sidebar-layout":"default","site-content-layout":"default","ast-global-header-display":"","ast-main-header-display":"","ast-hfb-above-header-display":"","ast-hfb-below-header-display":"","ast-hfb-mobile-header-display":"","site-post-title":"","ast-breadcrumbs-content":"","ast-featured-img":"","footer-sml-layout":"","theme-transparent-header-meta":"default","adv-header-id-meta":"","stick-header-meta":"","header-above-stick-meta":"","header-main-stick-meta":"","header-below-stick-meta":""},"product_cat":[133,87],"product_tag":[],"class_list":["post-3253","product","type-product","status-publish","has-post-thumbnail","hentry","product_cat-pantalones","product_cat-ropa"],"jetpack_sharing_enabled":true,"_links":{"self":[{"href":"https:\/\/pangeatacticalandoutdoors.com\/index.php\/wp-json\/wp\/v2\/product\/3253","targetHints":{"allow":["GET"]}}],"collection":[{"href":"https:\/\/pangeatacticalandoutdoors.com\/index.php\/wp-json\/wp\/v2\/product"}],"about":[{"href":"https:\/\/pangeatacticalandoutdoors.com\/index.php\/wp-json\/wp\/v2\/types\/product"}],"replies":[{"embeddable":true,"href":"https:\/\/pangeatacticalandoutdoors.com\/index.php\/wp-json\/wp\/v2\/comments?post=3253"}],"wp:featuredmedia":[{"embeddable":true,"href":"https:\/\/pangeatacticalandoutdoors.com\/index.php\/wp-json\/wp\/v2\/media\/3273"}],"wp:attachment":[{"href":"https:\/\/pangeatacticalandoutdoors.com\/index.php\/wp-json\/wp\/v2\/media?parent=3253"}],"wp:term":[{"taxonomy":"product_cat","embeddable":true,"href":"https:\/\/pangeatacticalandoutdoors.com\/index.php\/wp-json\/wp\/v2\/product_cat?post=3253"},{"taxonomy":"product_tag","embeddable":true,"href":"https:\/\/pangeatacticalandoutdoors.com\/index.php\/wp-json\/wp\/v2\/product_tag?post=3253"}],"curies":[{"name":"wp","href":"https:\/\/api.w.org\/{rel}","templated":true}]}}