{"id":3246,"date":"2021-10-28T13:31:06","date_gmt":"2021-10-28T18:31:06","guid":{"rendered":"https:\/\/pangeatacticalandoutdoors.com\/?post_type=product&#038;p=3246"},"modified":"2025-05-29T14:26:06","modified_gmt":"2025-05-29T20:26:06","slug":"5-11pantalon-tdu-pant-modelo-74003","status":"publish","type":"product","link":"https:\/\/pangeatacticalandoutdoors.com\/index.php\/producto\/5-11pantalon-tdu-pant-modelo-74003\/","title":{"rendered":"5.11 PANTAL\u00d3N RIPSTOP TDU MODELO 74003"},"content":{"rendered":"<p><em>Dise\u00f1ados con comentarios de operadores activos, los pantalones Ripstop TDU \u2122 brindan una utilidad superior para cualquier entorno t\u00e1ctico. Dise\u00f1ados con nuestra tela ripstop de poli\u00e9ster \/ algod\u00f3n liviana y duradera, cuentan con una pretina autoajustable, asiento con doble refuerzo, remate y un acabado de Teflon\u00ae. Con bolsillos seguros en los asientos, bolsillos cargo con compartimentos para revistas integrados y compatibilidad con TacTec System \u2122, tendr\u00e1 opciones de almacenamiento completas y personalizables para su equipo. Estos pantalones est\u00e1n hechos para las cosas dif\u00edciles.<\/em><\/p>\n<h6>CARACTER\u00cdSTICAS:<\/h6>\n<ul>\n<li>Asiento con doble refuerzo<\/li>\n<li>Presillado en las principales costuras y puntos de tensi\u00f3n<\/li>\n<li>Triple costura<\/li>\n<li>Bolsillos cargo con compartimentos internos para revistas AR<\/li>\n<li>Bolsillos de asiento seguros<\/li>\n<li>Rodillera interna lista<\/li>\n<li>TacTec System \u2122 &#8211; compatible<\/li>\n<li>Tirantes de blusa<\/li>\n<li>Acabado de tefl\u00f3n\u00ae<\/li>\n<li>Cremalleras YKK\u00ae<\/li>\n<li>Broches Prym\u00ae<\/li>\n<li>Corto = 29.5 &#8220;- Regular = 32.5&#8221; &#8211; Largo = 35.5<\/li>\n<li>Importado<\/li>\n<\/ul>\n<h6>LARGO<\/h6>\n<ul>\n<li>Corto &#8211; 29.5 &#8220;entrepierna<\/li>\n<li>Regular &#8211; Entrepierna de 32.5 &#8220;<\/li>\n<li>Largo: 35.5 &#8220;entrepierna<\/li>\n<\/ul>\n<p>&nbsp;<\/p>\n","protected":false},"excerpt":{"rendered":"<p>Dise\u00f1ados con comentarios de operadores activos, los pantalones Ripstop TDU \u2122 brindan una utilidad superior para cualquier entorno t\u00e1ctico. Dise\u00f1ados con nuestra tela ripstop de poli\u00e9ster \/ algod\u00f3n liviana y duradera, cuentan con una pretina autoajustable, asiento con doble refuerzo, remate y un acabado de Teflon\u00ae. Con bolsillos seguros en los asientos, bolsillos cargo con &hellip;<\/p>\n<p class=\"read-more\"> <a class=\"\" href=\"https:\/\/pangeatacticalandoutdoors.com\/index.php\/producto\/5-11pantalon-tdu-pant-modelo-74003\/\"> <span class=\"screen-reader-text\">5.11 PANTAL\u00d3N RIPSTOP TDU MODELO 74003<\/span> Leer m\u00e1s &raquo;<\/a><\/p>\n","protected":false},"featured_media":3250,"comment_status":"open","ping_status":"closed","template":"","meta":{"site-sidebar-layout":"default","site-content-layout":"default","ast-global-header-display":"","ast-main-header-display":"","ast-hfb-above-header-display":"","ast-hfb-below-header-display":"","ast-hfb-mobile-header-display":"","site-post-title":"","ast-breadcrumbs-content":"","ast-featured-img":"","footer-sml-layout":"","theme-transparent-header-meta":"default","adv-header-id-meta":"","stick-header-meta":"","header-above-stick-meta":"","header-main-stick-meta":"","header-below-stick-meta":""},"product_cat":[133,87],"product_tag":[],"class_list":["post-3246","product","type-product","status-publish","has-post-thumbnail","hentry","product_cat-pantalones","product_cat-ropa"],"jetpack_sharing_enabled":true,"_links":{"self":[{"href":"https:\/\/pangeatacticalandoutdoors.com\/index.php\/wp-json\/wp\/v2\/product\/3246","targetHints":{"allow":["GET"]}}],"collection":[{"href":"https:\/\/pangeatacticalandoutdoors.com\/index.php\/wp-json\/wp\/v2\/product"}],"about":[{"href":"https:\/\/pangeatacticalandoutdoors.com\/index.php\/wp-json\/wp\/v2\/types\/product"}],"replies":[{"embeddable":true,"href":"https:\/\/pangeatacticalandoutdoors.com\/index.php\/wp-json\/wp\/v2\/comments?post=3246"}],"wp:featuredmedia":[{"embeddable":true,"href":"https:\/\/pangeatacticalandoutdoors.com\/index.php\/wp-json\/wp\/v2\/media\/3250"}],"wp:attachment":[{"href":"https:\/\/pangeatacticalandoutdoors.com\/index.php\/wp-json\/wp\/v2\/media?parent=3246"}],"wp:term":[{"taxonomy":"product_cat","embeddable":true,"href":"https:\/\/pangeatacticalandoutdoors.com\/index.php\/wp-json\/wp\/v2\/product_cat?post=3246"},{"taxonomy":"product_tag","embeddable":true,"href":"https:\/\/pangeatacticalandoutdoors.com\/index.php\/wp-json\/wp\/v2\/product_tag?post=3246"}],"curies":[{"name":"wp","href":"https:\/\/api.w.org\/{rel}","templated":true}]}}