{"id":3204,"date":"2021-10-27T16:18:05","date_gmt":"2021-10-27T21:18:05","guid":{"rendered":"https:\/\/pangeatacticalandoutdoors.com\/?post_type=product&#038;p=3204"},"modified":"2026-02-12T14:43:52","modified_gmt":"2026-02-12T20:43:52","slug":"5-11-camisola-fast-tac-tdu-long-sleeve-shirt-modelo-72465","status":"publish","type":"product","link":"https:\/\/pangeatacticalandoutdoors.com\/index.php\/producto\/5-11-camisola-fast-tac-tdu-long-sleeve-shirt-modelo-72465\/","title":{"rendered":"5.11 CAMISOLA FAST-TAC TDU LONG SLEEVE SHIRT MODELO 72465"},"content":{"rendered":"<p><em>Dise\u00f1ada para ser muy duradera sin dejar de ser liviana y c\u00f3moda, la camisa de manga larga Fast-Tac \u2122 TDU\u00ae es la innovaci\u00f3n m\u00e1s reciente de 5.11\u00ae que presenta una apariencia y sensaci\u00f3n transpirables, y con un acabado resistente al agua C6 para protecci\u00f3n adicional en climas \u00e1ridos .<\/em><\/p>\n<h6>CARACTER\u00cdSTICAS:<\/h6>\n<ul>\n<li>Camiseta TDU ligera y transpirable<\/li>\n<li>Ajuste holgado para un movimiento funcional<\/li>\n<li>Hombro bi-swing para un rango de movimiento m\u00e1s amplio<\/li>\n<li>Construido a partir de 4.7 oz. Tejido Ripstop de poli\u00e9ster Fast-Tac \u2122<\/li>\n<li>Codos reforzados dobles<\/li>\n<li>Dos bolsillos en el pecho con fuelle a un lado<\/li>\n<li>Tapeta delantera inferior oculta<\/li>\n<li>Viene con una charretera y un porta credencial para una f\u00e1cil conversi\u00f3n.<\/li>\n<li>Importado<\/li>\n<\/ul>\n","protected":false},"excerpt":{"rendered":"<p>Dise\u00f1ada para ser muy duradera sin dejar de ser liviana y c\u00f3moda, la camisa de manga larga Fast-Tac \u2122 TDU\u00ae es la innovaci\u00f3n m\u00e1s reciente de 5.11\u00ae que presenta una apariencia y sensaci\u00f3n transpirables, y con un acabado resistente al agua C6 para protecci\u00f3n adicional en climas \u00e1ridos . CARACTER\u00cdSTICAS: Camiseta TDU ligera y transpirable &hellip;<\/p>\n<p class=\"read-more\"> <a class=\"\" href=\"https:\/\/pangeatacticalandoutdoors.com\/index.php\/producto\/5-11-camisola-fast-tac-tdu-long-sleeve-shirt-modelo-72465\/\"> <span class=\"screen-reader-text\">5.11 CAMISOLA FAST-TAC TDU LONG SLEEVE SHIRT MODELO 72465<\/span> Leer m\u00e1s &raquo;<\/a><\/p>\n","protected":false},"featured_media":3191,"comment_status":"open","ping_status":"closed","template":"","meta":{"site-sidebar-layout":"default","site-content-layout":"default","ast-global-header-display":"","ast-main-header-display":"","ast-hfb-above-header-display":"","ast-hfb-below-header-display":"","ast-hfb-mobile-header-display":"","site-post-title":"","ast-breadcrumbs-content":"","ast-featured-img":"","footer-sml-layout":"","theme-transparent-header-meta":"default","adv-header-id-meta":"","stick-header-meta":"","header-above-stick-meta":"","header-main-stick-meta":"","header-below-stick-meta":""},"product_cat":[132,87],"product_tag":[],"class_list":["post-3204","product","type-product","status-publish","has-post-thumbnail","hentry","product_cat-camisas","product_cat-ropa"],"jetpack_sharing_enabled":true,"_links":{"self":[{"href":"https:\/\/pangeatacticalandoutdoors.com\/index.php\/wp-json\/wp\/v2\/product\/3204","targetHints":{"allow":["GET"]}}],"collection":[{"href":"https:\/\/pangeatacticalandoutdoors.com\/index.php\/wp-json\/wp\/v2\/product"}],"about":[{"href":"https:\/\/pangeatacticalandoutdoors.com\/index.php\/wp-json\/wp\/v2\/types\/product"}],"replies":[{"embeddable":true,"href":"https:\/\/pangeatacticalandoutdoors.com\/index.php\/wp-json\/wp\/v2\/comments?post=3204"}],"wp:featuredmedia":[{"embeddable":true,"href":"https:\/\/pangeatacticalandoutdoors.com\/index.php\/wp-json\/wp\/v2\/media\/3191"}],"wp:attachment":[{"href":"https:\/\/pangeatacticalandoutdoors.com\/index.php\/wp-json\/wp\/v2\/media?parent=3204"}],"wp:term":[{"taxonomy":"product_cat","embeddable":true,"href":"https:\/\/pangeatacticalandoutdoors.com\/index.php\/wp-json\/wp\/v2\/product_cat?post=3204"},{"taxonomy":"product_tag","embeddable":true,"href":"https:\/\/pangeatacticalandoutdoors.com\/index.php\/wp-json\/wp\/v2\/product_tag?post=3204"}],"curies":[{"name":"wp","href":"https:\/\/api.w.org\/{rel}","templated":true}]}}