{"id":3200,"date":"2021-10-28T12:53:44","date_gmt":"2021-10-28T17:53:44","guid":{"rendered":"https:\/\/pangeatacticalandoutdoors.com\/?post_type=product&#038;p=3200"},"modified":"2024-06-27T15:29:00","modified_gmt":"2024-06-27T20:29:00","slug":"5-11-camisola-tactica-tdu-shirt-ls-ripstop-modelo-72002","status":"publish","type":"product","link":"https:\/\/pangeatacticalandoutdoors.com\/index.php\/producto\/5-11-camisola-tactica-tdu-shirt-ls-ripstop-modelo-72002\/","title":{"rendered":"5.11 CAMISOLA TACTICA TDU  SHIRT LS RIPSTOP MODELO 72002"},"content":{"rendered":"<p><em>La camiseta Ripstop de manga larga TDU\u00ae establece un nuevo punto de referencia en eficiencia t\u00e1ctica, reemplazando los elementos BDU anticuados al proporcionar una estructura mejorada, materiales m\u00e1s livianos y refuerzos de tela m\u00e1s fuertes para un mayor rendimiento y confiabilidad en todos los \u00e1mbitos.<\/em><\/p>\n<p>CARACTER\u00cdSTICAS:<\/p>\n<ul>\n<li>Hombro bi-swing para un rango de movimiento m\u00e1s amplio<br \/>\n6.2 oz. Tejido Ripstop de poli\u00e9ster \/ algod\u00f3n<br \/>\nTratamiento con Teflon\u00ae para resistencia a las manchas y la suciedad<br \/>\nReady Pocket \u2122 en el pecho para guardar documentos o un tel\u00e9fono<br \/>\nConstrucci\u00f3n de triple puntada<br \/>\n26 presillas individuales en puntos clave de tensi\u00f3n<br \/>\nLos resistentes botones de melamina no se queman, agrietan ni derriten<br \/>\nIncluye leng\u00fceta y juego de charretera.<br \/>\nImportado<\/li>\n<\/ul>\n","protected":false},"excerpt":{"rendered":"<p>La camiseta Ripstop de manga larga TDU\u00ae establece un nuevo punto de referencia en eficiencia t\u00e1ctica, reemplazando los elementos BDU anticuados al proporcionar una estructura mejorada, materiales m\u00e1s livianos y refuerzos de tela m\u00e1s fuertes para un mayor rendimiento y confiabilidad en todos los \u00e1mbitos. CARACTER\u00cdSTICAS: Hombro bi-swing para un rango de movimiento m\u00e1s amplio &hellip;<\/p>\n<p class=\"read-more\"> <a class=\"\" href=\"https:\/\/pangeatacticalandoutdoors.com\/index.php\/producto\/5-11-camisola-tactica-tdu-shirt-ls-ripstop-modelo-72002\/\"> <span class=\"screen-reader-text\">5.11 CAMISOLA TACTICA TDU  SHIRT LS RIPSTOP MODELO 72002<\/span> Leer m\u00e1s &raquo;<\/a><\/p>\n","protected":false},"featured_media":3222,"comment_status":"open","ping_status":"closed","template":"","meta":{"site-sidebar-layout":"default","site-content-layout":"default","ast-global-header-display":"","ast-main-header-display":"","ast-hfb-above-header-display":"","ast-hfb-below-header-display":"","ast-hfb-mobile-header-display":"","site-post-title":"","ast-breadcrumbs-content":"","ast-featured-img":"","footer-sml-layout":"","theme-transparent-header-meta":"default","adv-header-id-meta":"","stick-header-meta":"","header-above-stick-meta":"","header-main-stick-meta":"","header-below-stick-meta":""},"product_cat":[132,87],"product_tag":[],"class_list":["post-3200","product","type-product","status-publish","has-post-thumbnail","hentry","product_cat-camisas","product_cat-ropa"],"jetpack_sharing_enabled":true,"_links":{"self":[{"href":"https:\/\/pangeatacticalandoutdoors.com\/index.php\/wp-json\/wp\/v2\/product\/3200","targetHints":{"allow":["GET"]}}],"collection":[{"href":"https:\/\/pangeatacticalandoutdoors.com\/index.php\/wp-json\/wp\/v2\/product"}],"about":[{"href":"https:\/\/pangeatacticalandoutdoors.com\/index.php\/wp-json\/wp\/v2\/types\/product"}],"replies":[{"embeddable":true,"href":"https:\/\/pangeatacticalandoutdoors.com\/index.php\/wp-json\/wp\/v2\/comments?post=3200"}],"wp:featuredmedia":[{"embeddable":true,"href":"https:\/\/pangeatacticalandoutdoors.com\/index.php\/wp-json\/wp\/v2\/media\/3222"}],"wp:attachment":[{"href":"https:\/\/pangeatacticalandoutdoors.com\/index.php\/wp-json\/wp\/v2\/media?parent=3200"}],"wp:term":[{"taxonomy":"product_cat","embeddable":true,"href":"https:\/\/pangeatacticalandoutdoors.com\/index.php\/wp-json\/wp\/v2\/product_cat?post=3200"},{"taxonomy":"product_tag","embeddable":true,"href":"https:\/\/pangeatacticalandoutdoors.com\/index.php\/wp-json\/wp\/v2\/product_tag?post=3200"}],"curies":[{"name":"wp","href":"https:\/\/api.w.org\/{rel}","templated":true}]}}